{"id":321,"date":"2025-03-19T11:31:38","date_gmt":"2025-03-19T10:31:38","guid":{"rendered":"https:\/\/ab50.de\/magazin\/?page_id=321"},"modified":"2025-03-19T11:36:01","modified_gmt":"2025-03-19T10:36:01","slug":"inhaltsverzeichnis","status":"publish","type":"page","link":"https:\/\/ab50.de\/magazin\/inhaltsverzeichnis\/","title":{"rendered":"Inhaltsverzeichnis"},"content":{"rendered":"<p><a href=\"https:\/\/ab50.de\/magazin\/business-ab-50-starten-traum-oder-realitaet\/\">Business ab 50: Traum oder Realit\u00e4t?<\/a><br \/>\n Ist es m\u00f6glich, mit \u00fcber 50 noch einmal beruflich neu durchzustarten?<\/p>\n<p><a href=\"https:\/\/ab50.de\/magazin\/einsamkeit-ab-50-bekaempfen\/\">Einsamkeit ab 50 bek\u00e4mpfen<\/a><br \/>\nTipps und Strategien gegen Einsamkeit im Alter.<\/p>\n<p><a href=\"https:\/\/ab50.de\/magazin\/witwer-sucht-witwe\/\">Witwer sucht Witwe<\/a><br \/>\nWie sich Witwer und Witwen nach einem Verlust wieder verlieben k\u00f6nnen.<\/p>\n<p><a href=\"https:\/\/ab50.de\/magazin\/scheidung-im-alter\/\">Scheidung im Alter<\/a><br \/>\nHerausforderungen und Chancen einer Trennung in sp\u00e4teren Jahren.<\/p>\n<p><a href=\"https:\/\/ab50.de\/magazin\/tv-show-the-golden-bachelor\/\">TV-Show: The Golden Bachelor<\/a><br \/>\nEine Dating-Show f\u00fcr die Generation 50+ und ihre Besonderheiten.<\/p>\n<p><a href=\"https:\/\/ab50.de\/magazin\/fliegen\/\">Fliegen<\/a><br \/>\nWarum Reisen in der zweiten Lebensh\u00e4lfte besonders sch\u00f6n sein kann.<\/p>\n<p><a href=\"https:\/\/ab50.de\/magazin\/rad-fahren\/\">Rad fahren<\/a><br \/>\nDie besten Fahrrad-Tipps f\u00fcr Menschen ab 50.<\/p>\n<p><a href=\"https:\/\/ab50.de\/magazin\/jobsuche-ab-50-tipps\/\">Jobsuche ab 50: Tipps<\/a><br \/>\nWie man auch mit 50+ noch einen passenden Job findet.<\/p>\n<p><a href=\"https:\/\/ab50.de\/magazin\/maenner-ab-50\/\">M\u00e4nner ab 50<\/a><br \/>\nWie sich das Leben und die Herausforderungen f\u00fcr M\u00e4nner \u00fcber 50 ver\u00e4ndern.<\/p>\n<p><a href=\"https:\/\/ab50.de\/magazin\/wechseljahre\/\">Wechseljahre<\/a><br \/>\nVer\u00e4nderungen, Herausforderungen und Tipps f\u00fcr die Zeit der Wechseljahre.<\/p>\n<p><a href=\"https:\/\/ab50.de\/magazin\/partnerhoroskop\/\">Partnerhoroskop<\/a><br \/>\nWas sagt Ihr Sternzeichen \u00fcber Ihre Chancen in der Liebe?<\/p>\n<p><a href=\"https:\/\/ab50.de\/magazin\/heiratsschwindler\/\">Heiratsschwindler<\/a><br \/>\nWoran man Betr\u00fcger in der Liebe erkennt und wie man sich sch\u00fctzt.<\/p>\n<p><a href=\"https:\/\/ab50.de\/magazin\/singlewandern-ab-50\/\">Singlewandern ab 50<\/a><br \/>\nWandern und neue Menschen kennenlernen \u2013 eine tolle Kombination.<\/p>\n<p><a href=\"https:\/\/ab50.de\/magazin\/singles-ab-50\/\">Singles ab 50<\/a><br \/>\nWie sich das Dating-Verhalten mit dem Alter ver\u00e4ndert.<\/p>\n<p><a href=\"https:\/\/ab50.de\/magazin\/frisuren-ab-50-frauen\/\">Frisuren ab 50 f\u00fcr Frauen<\/a><br \/>\nModische und pflegeleichte Frisuren f\u00fcr Frauen ab 50.<\/p>\n<p><a href=\"https:\/\/ab50.de\/magazin\/single-frauen-ab-50\/\">Single-Frauen ab 50<\/a><br \/>\nTipps f\u00fcr Frauen, die mit \u00fcber 50 noch einmal neu anfangen wollen.<\/p>\n<p><a href=\"https:\/\/ab50.de\/magazin\/gesunde-ernaehrung-ab-50\/\">Gesunde Ern\u00e4hrung ab 50<\/a><br \/>\nWelche N\u00e4hrstoffe im Alter besonders wichtig sind.<\/p>\n<p><a href=\"https:\/\/ab50.de\/magazin\/sport-ab-50\/\">Sport ab 50<\/a><br \/>\nBewegung ist auch mit 50+ essenziell \u2013 so bleiben Sie fit.<\/p>\n<p><a href=\"https:\/\/ab50.de\/magazin\/reife-frauen\/\">Reife Frauen<\/a><br \/>\nWarum reife Frauen besonders attraktiv sind.<\/p>\n<p><a href=\"https:\/\/ab50.de\/magazin\/sex-ab-50\/\">Sex ab 50<\/a><br \/>\nWie sich die Sexualit\u00e4t im Alter ver\u00e4ndert.<\/p>\n","protected":false},"excerpt":{"rendered":"<p>Business ab 50: Traum oder Realit\u00e4t? Ist es m\u00f6glich, mit \u00fcber 50 noch einmal beruflich neu durchzustarten? Einsamkeit ab 50 bek\u00e4mpfen Tipps und Strategien gegen<\/p>\n","protected":false},"author":1,"featured_media":0,"parent":0,"menu_order":0,"comment_status":"closed","ping_status":"closed","template":"","meta":{"footnotes":""},"class_list":["post-321","page","type-page","status-publish","hentry"],"aioseo_notices":[],"_links":{"self":[{"href":"https:\/\/ab50.de\/magazin\/wp-json\/wp\/v2\/pages\/321","targetHints":{"allow":["GET"]}}],"collection":[{"href":"https:\/\/ab50.de\/magazin\/wp-json\/wp\/v2\/pages"}],"about":[{"href":"https:\/\/ab50.de\/magazin\/wp-json\/wp\/v2\/types\/page"}],"author":[{"embeddable":true,"href":"https:\/\/ab50.de\/magazin\/wp-json\/wp\/v2\/users\/1"}],"replies":[{"embeddable":true,"href":"https:\/\/ab50.de\/magazin\/wp-json\/wp\/v2\/comments?post=321"}],"version-history":[{"count":4,"href":"https:\/\/ab50.de\/magazin\/wp-json\/wp\/v2\/pages\/321\/revisions"}],"predecessor-version":[{"id":325,"href":"https:\/\/ab50.de\/magazin\/wp-json\/wp\/v2\/pages\/321\/revisions\/325"}],"wp:attachment":[{"href":"https:\/\/ab50.de\/magazin\/wp-json\/wp\/v2\/media?parent=321"}],"curies":[{"name":"wp","href":"https:\/\/api.w.org\/{rel}","templated":true}]}}