{"id":18,"date":"2019-11-18T11:16:25","date_gmt":"2019-11-18T10:16:25","guid":{"rendered":"https:\/\/ab50.de\/magazin\/?page_id=18"},"modified":"2023-06-28T14:12:13","modified_gmt":"2023-06-28T12:12:13","slug":"sudoku-online","status":"publish","type":"page","link":"https:\/\/ab50.de\/magazin\/sudoku-online\/","title":{"rendered":"Sudoku &#8211; Online &#038; kostenlos spielen"},"content":{"rendered":"<p><iframe data-src=\"https:\/\/www.ratefux.de\/online\/html_sudoku\/m_perfect\/sudoku\/index.html\" name=\"Onlinesudoku\" width=\"500\" height=\"550\" frameborder=\"0\" scrolling=\"no\" src=\"data:image\/svg+xml;base64,PHN2ZyB3aWR0aD0iMSIgaGVpZ2h0PSIxIiB4bWxucz0iaHR0cDovL3d3dy53My5vcmcvMjAwMC9zdmciPjwvc3ZnPg==\" class=\"lazyload\" data-load-mode=\"1\">Ihr Browser kann leider keine eingebetteten Frames anzeigen:<br \/>\nSie k\u00f6nnen die eingebettete Seite \u00fcber den folgenden Verweis<br \/>\naufrufen: <a href=\"https:\/\/www.ratefux.de\/online\/html_sudoku\/m_perfect\/sudoku\/index.html\">Onliner\u00e4tsel<\/a><\/p>\n<p>&nbsp;<\/p>\n<p><\/iframe><\/p>\n<h2>Kleine Geschichte des Sudoku<\/h2>\n<p>Suji wa dokushin ni kagiru \u2013 das ist eigentlich die vollst\u00e4ndige Bedeutung des Wortes Sudoku, zu Deutsch: \u201eDie Ziffern d\u00fcrfen nur einmal vorkommen\u201c oder \u201eDie Zahl, die f\u00fcr sich alleine steht\u201c. Doch der japanische Name t\u00e4uscht, laut verschiedenen Aufzeichnungen war es ein Schweizer, der den Vorg\u00e4nger des uns heute bekannten Sudoku erfand. Es war um 1770 in Russland, in Sankt Petersburg, wo Leonhard Euler seine Zeit mit lateinischen Quadraten verbrachte. Dies sind Schemata mit einer bestimmten Anzahl von Reihen und Spalten, einige Felder sind schon mit Symbolen bzw. Zahlen ausgef\u00fcllt.<\/p>\n<p>Jedes dieser Symbole darf in jeder Zeile und in jeder Spalte nur einmal vorkommen. Mit solchen Schemata besch\u00e4ftigten sich sogar schon die Chinesen vor 5.000 Jahren. \u00dcber 200 Jahre nach Euler, n\u00e4mlich 1979 in New York, erschien durch Howard Garns zum ersten Mal das R\u00e4tsel \u201eNumber Place\u201c in einer Zeitschrift f\u00fcr R\u00e4tsel und Knobelaufgaben. Auch wenn sich damals noch kaum jemand f\u00fcr das knifflige Spiel interessierte, waren die Regeln beinahe identisch zu den heutigen Sudoku-Regeln.<\/p>\n<p>F\u00fcnf Jahre sp\u00e4ter kommt das R\u00e4tsel nach Tokio, Japan, und erh\u00e4lt endlich den Namen Sudoku unter dem es auf der ganzen Welt bekannt wurde. Dann kam Wayne Gould aus Neuseeland, der das Zahlenr\u00e4tsel entdeckt und beginnt Sudokus mittels eines Computerprogramms zu entwickeln. 2004 bietet er sie dem Times Magazin an, es folgen Zeitungen und Magazine aus ganz Europa, das Spiel wird in B\u00fcchern und Fernsehsendungen besprochen und analysiert.<\/p>\n<h2>Aber wie geht Sudoku jetzt genau?<\/h2>\n<p>Das Logikr\u00e4tsel besteht \u00fcblicherweise aus einem Gitter von 9 Mal 9 K\u00e4stchen, also insgesamt 81 Felder in 9 Zeilen und 9 Spalten. Und wie funktioniert Sudoku nun? In jedem Unterquadrat, also in jeder Einheit von 3 Mal 3 K\u00e4stchen, m\u00fcssen die Zahlen von 1 bis 9 ausgef\u00fcllt werden, dabei darf jede Ziffer nur ein mal vorkommen. Es wird noch spannender: Auch in jeder Zeile und jeder Spalte d\u00fcrfen die Zahlen von 1 bis 9 nie doppelt sein.<\/p>\n<p>Das Spiel beginnt mit einigen schon vorgegebenen Zahlen. Die Schwierigkeit des R\u00e4tsels h\u00e4ngt davon ab wie viele Zahlen schon vorgegeben sind und wo diese positioniert sind. Jetzt beginnt das T\u00fcfteln, beim Versuch die leeren Felder auszuf\u00fcllen merkt man bald, dass fast immer mehrere Kandidaten in Frage kommen. Diese kann man sich mit Bleistift klein notieren.<\/p>\n<p>Mit der Zeit kann man von diesen notierten Ziffern welche ausschlie\u00dfen, weil jede L\u00f6sungszahl immer f\u00fcr alle drei Einheiten (Zeile, Spalte und Block) passen muss. Durch die vorhandenen Zahlenkombinationen und logischem Denken und Vergleichen sollte man der L\u00f6sung Schritt f\u00fcr Schritt n\u00e4her kommen. Dann hei\u00dft es nur noch: Ausprobieren, Ausschlussverfahren anwenden und vorhandene Zahlen Scannen.<\/p>\n<h3>Wie funktioniert Sudoku? Ein kleines, konkretes Beispiel<\/h3>\n<p>Anfangs konzentrieren Sie sich auf eine Zahl, zum Beispiel die 5. In Gedanken k\u00f6nnen Sie jetzt alle Zeilen und Spalten, in denen eine 5 vorkommt, ausblenden \u2013 hier braucht es keine weitere 5. Dann widmen Sie sich den Bl\u00f6cken ohne 5 und schauen, ob es Positionen gibt, wo nur eine 5 hineinpassen kann. Die M\u00f6glichkeiten notieren Sie und schauen dann, wie es mit anderen Zahlen aussieht.<\/p>\n<h2>Varianten des Spiels<\/h2>\n<p>Zum Sudoku spielen braucht man eigentlich keine mathematischen Kenntnisse, genauso gut k\u00f6nnte man, statt den Zahlen von 1 bis 9, Buchstaben oder erfundene Symbole nehmen. Die Version mit Buchstaben gibt es tats\u00e4chlich, sie nennt sich Mojidoku.<\/p>\n<p>Es gibt auch das sogenannte Killer-Sudoku, auch wenn es manchmal leichter zu l\u00f6sen ist, als klassisches Sudoku. Das Spielfeld ist f\u00fcr gew\u00f6hnlich dasselbe wie bei der klassischen Version, jedoch sind noch zus\u00e4tzlich Gruppen in Farben unterteilt. In diesen farbigen Unterteilungen steht klein eine Zahl geschrieben, die der Summe der Ziffern der Gruppe entspricht.<\/p>\n<p>Beim X-Sudoku oder Diagonal-Sudoku kommt zu den Regeln des klassischen Sudoku noch dazu, dass auch auf den beiden Hauptdiagonalen jede Zahl nur einmal auftreten darf. Der Name kommt davon, dass die Diagonalen zusammen eine X-Form ergeben.<\/p>\n<p>Neben diesen bekanntesten Versionen, gibt es noch unz\u00e4hlige andere. Sudokus mit 256 Feldern werden Fudschijama genannt, f\u00fcr Anf\u00e4nger gibt es Mini-Sudokus, Multi-Sudokus sind welche, die aus mehreren Sudokus bestehen, die sich in Teilen \u00fcberlappen und Chaos-Sudokus bestehen aus unregelm\u00e4\u00dfig geformten Bl\u00f6cken.<\/p>\n<h2>Sudoku heute<\/h2>\n<p>Nachdem es sich von England im Rest Europas verbreitete, kam das R\u00e4tsel 2005 auch in den deutschsprachigen Raum. Von da an stieg die Beliebtheit rasant, sodass es im selben Jahr schon elektronische Sudoku-R\u00e4tsel gab, aber auch die Online-Versionen, sowie das Brettspiel waren nicht mehr wegzudenken. Auch ein Computerspiel gibt es seit 1989.<\/p>\n","protected":false},"excerpt":{"rendered":"<p>Ihr Browser kann leider keine eingebetteten Frames anzeigen: Sie k\u00f6nnen die eingebettete Seite \u00fcber den folgenden Verweis aufrufen: Onliner\u00e4tsel &nbsp; Kleine Geschichte des Sudoku Suji<\/p>\n","protected":false},"author":1,"featured_media":0,"parent":0,"menu_order":0,"comment_status":"closed","ping_status":"closed","template":"","meta":{"footnotes":""},"class_list":["post-18","page","type-page","status-publish","hentry"],"aioseo_notices":[],"_links":{"self":[{"href":"https:\/\/ab50.de\/magazin\/wp-json\/wp\/v2\/pages\/18","targetHints":{"allow":["GET"]}}],"collection":[{"href":"https:\/\/ab50.de\/magazin\/wp-json\/wp\/v2\/pages"}],"about":[{"href":"https:\/\/ab50.de\/magazin\/wp-json\/wp\/v2\/types\/page"}],"author":[{"embeddable":true,"href":"https:\/\/ab50.de\/magazin\/wp-json\/wp\/v2\/users\/1"}],"replies":[{"embeddable":true,"href":"https:\/\/ab50.de\/magazin\/wp-json\/wp\/v2\/comments?post=18"}],"version-history":[{"count":5,"href":"https:\/\/ab50.de\/magazin\/wp-json\/wp\/v2\/pages\/18\/revisions"}],"predecessor-version":[{"id":281,"href":"https:\/\/ab50.de\/magazin\/wp-json\/wp\/v2\/pages\/18\/revisions\/281"}],"wp:attachment":[{"href":"https:\/\/ab50.de\/magazin\/wp-json\/wp\/v2\/media?parent=18"}],"curies":[{"name":"wp","href":"https:\/\/api.w.org\/{rel}","templated":true}]}}